{"id":1973,"date":"2022-01-26T04:38:43","date_gmt":"2022-01-26T09:38:43","guid":{"rendered":"https:\/\/edcamael.com\/index.php\/membership-join\/"},"modified":"2024-01-12T12:23:44","modified_gmt":"2024-01-12T17:23:44","slug":"membership-join","status":"publish","type":"page","link":"https:\/\/edcamael.com\/index.php\/membership-join\/","title":{"rendered":"Join Us \/ Joignez-vous \u00e0 nous"},"content":{"rendered":"<p style=\"color: red; font-weight: bold;\">\n<h1><\/h1>\n<h1><\/h1>\n<h1><\/h1>\n<h1><\/h1>\n<h1 style=\"font-weight: bold; text-align: left;\"><img loading=\"lazy\" decoding=\"async\" class=\"alignnone  wp-image-1689\" src=\"https:\/\/edcamael.com\/wp-content\/uploads\/2021\/12\/couleur-fond-transparent-300x133.png\" alt=\"\" width=\"208\" height=\"92\" \/><\/h1>\n<h1 style=\"font-weight: bold; text-align: left;\">Devenez membre\u00a0 \/ Became a member<\/h1>\n<p style=\"text-align: left;\"><strong>Auteurs-Authors<\/strong><\/p>\n<p style=\"text-align: left;\"><em>Demandez \u00e0 la direction pour les informations de votre compte \/ Ask management for your account information<\/em><\/p>\n<p style=\"text-align: left;\"><strong>_________________________________<\/strong><\/p>\n<p style=\"text-align: left;\"><strong>BRONZE Membership<\/strong><\/p>\n<p style=\"text-align: left;\"><em>12$ par mois \/ $12 a month<\/em><\/p>\n<p style=\"text-align: left;\"><strong>-Acc\u00e8s illimit\u00e9 aux aper\u00e7us des livres \/ Get unlimited access to book overview content<\/strong><\/p>\n<p style=\"text-align: left;\"><strong>-Copies Epub gratuites \/ Free Epub copies<\/strong><\/p>\n<p style=\"text-align: left;\"><strong>-Livraison gratuite sur commande par Paypal \/ Free delivery on command pass by Paypal<\/strong><\/p>\n<p style=\"text-align: left;\"><div class=\"swpm-payment-button\"><div class=\"swpm-button-wrapper swpm-pp-subscription-wrapper\"><form action=\"https:\/\/www.paypal.com\/cgi-bin\/webscr\" method=\"post\" ><input type=\"hidden\" name=\"cmd\" value=\"_xclick-subscriptions\" \/><input type=\"hidden\" name=\"charset\" value=\"utf-8\" \/><input type=\"hidden\" name=\"bn\" value=\"TipsandTricks_SP\" \/><input type=\"hidden\" name=\"business\" value=\"charles@edcamael.com\" \/><input type=\"hidden\" name=\"currency_code\" value=\"CAD\" \/><input type=\"hidden\" name=\"item_number\" value=\"2535\" \/><input type=\"hidden\" name=\"item_name\" value=\"Membre BRONZE Membership\" \/><input type=\"hidden\" name=\"a3\" value=\"12\" \/><input type=\"hidden\" name=\"p3\" value=\"30\" \/><input type=\"hidden\" name=\"t3\" value=\"D\" \/><input type=\"hidden\" name=\"no_shipping\" value=\"1\" \/><input type=\"hidden\" name=\"notify_url\" value=\"https:\/\/edcamael.com\/?swpm_process_ipn=1\" \/><input type=\"hidden\" name=\"return\" value=\"https:\/\/edcamael.com\/\" \/><input type=\"hidden\" name=\"cancel_return\" value=\"https:\/\/edcamael.com\" \/><input type=\"hidden\" name=\"custom\" value=\"subsc_ref%3D2%26user_ip%3D216.73.216.98\" \/><input type=\"submit\" class=\"swpm-subscription-button-submit\" value=\"Inscris-toi maintenant\" \/><\/form><\/div><\/div><\/p>\n<p style=\"text-align: left;\"><strong>_________________________________<\/strong><\/p>\n<p style=\"text-align: left;\"><strong>FORMATIONS Membership<\/strong><\/p>\n<h3 style=\"text-align: left;\"><strong><em>\u00c0 VENIR! \/ COMMING SOON!<\/em><\/strong><\/h3>\n","protected":false},"excerpt":{"rendered":"<p>Devenez membre\u00a0 \/ Became a member Auteurs-Authors Demandez \u00e0 la direction pour les informations de votre compte \/ Ask management for your account information _________________________________ BRONZE Membership 12$ par mois \/ $12 a month -Acc\u00e8s illimit\u00e9 aux aper\u00e7us des livres \/ Get unlimited access to book overview content -Copies Epub gratuites \/ Free Epub copies [&hellip;]<\/p>\n","protected":false},"author":1,"featured_media":0,"parent":0,"menu_order":0,"comment_status":"closed","ping_status":"closed","template":"","meta":{"_et_pb_use_builder":"off","_et_pb_old_content":"<p style=\"color: red; font-weight: bold;\"><img class=\"alignnone size-medium wp-image-1689\" src=\"https:\/\/edcamael.com\/wp-content\/uploads\/2021\/12\/couleur-fond-transparent-300x133.png\" alt=\"\" width=\"300\" height=\"133\" \/><\/p>\n<p style=\"font-weight: bold;\">Devenez membre BRONZE. \/ Became a BRONZE member<\/p>\n<p style=\"border-top: 1px solid #ccc; padding-top: 10px; margin-top: 10px;\"><\/p>\n<strong>BRONZE Membership<\/strong>\n\n<em>12$ par mois \/ $12 a month<\/em>\n\n<strong>-Acc\u00e8s illimit\u00e9 aux aper\u00e7us des livres \/ Get unlimited access to book overview content<\/strong>\n\n<strong>-Copies Epub gratuites \/ Free Epub copies<\/strong>\n\n<strong>-Livraison gratuite sur commande par Paypal \/ Free delivery on command pass by Paypal<\/strong>\n<p style=\"border-top: 1px solid #ccc; padding-top: 10px; margin-top: 10px;\"><\/p>\n<a href=\"http:\/\/notify_url=https:\/\/edcamael.com\/?swpm_process_ipn=1 custom=subsc_ref=2\" data-wplink-url-error=\"true\">S'inscrire \/ Register<\/a>\n<p style=\"border-bottom: 1px solid #ccc; padding-bottom: 10px; margin-bottom: 10px;\"><\/p>","_et_gb_content_width":"1080","footnotes":""},"class_list":["post-1973","page","type-page","status-publish","hentry"],"_links":{"self":[{"href":"https:\/\/edcamael.com\/index.php\/wp-json\/wp\/v2\/pages\/1973","targetHints":{"allow":["GET"]}}],"collection":[{"href":"https:\/\/edcamael.com\/index.php\/wp-json\/wp\/v2\/pages"}],"about":[{"href":"https:\/\/edcamael.com\/index.php\/wp-json\/wp\/v2\/types\/page"}],"author":[{"embeddable":true,"href":"https:\/\/edcamael.com\/index.php\/wp-json\/wp\/v2\/users\/1"}],"replies":[{"embeddable":true,"href":"https:\/\/edcamael.com\/index.php\/wp-json\/wp\/v2\/comments?post=1973"}],"version-history":[{"count":17,"href":"https:\/\/edcamael.com\/index.php\/wp-json\/wp\/v2\/pages\/1973\/revisions"}],"predecessor-version":[{"id":3178,"href":"https:\/\/edcamael.com\/index.php\/wp-json\/wp\/v2\/pages\/1973\/revisions\/3178"}],"wp:attachment":[{"href":"https:\/\/edcamael.com\/index.php\/wp-json\/wp\/v2\/media?parent=1973"}],"curies":[{"name":"wp","href":"https:\/\/api.w.org\/{rel}","templated":true}]}}