{"id":1813,"date":"2022-01-26T01:00:51","date_gmt":"2022-01-26T06:00:51","guid":{"rendered":"https:\/\/edcamael.com\/?page_id=1813"},"modified":"2024-01-29T10:56:50","modified_gmt":"2024-01-29T15:56:50","slug":"termes-et-conditions","status":"publish","type":"page","link":"https:\/\/edcamael.com\/index.php\/termes-et-conditions\/","title":{"rendered":"Termes et Conditions"},"content":{"rendered":"<p>[et_pb_section fb_built=\u00a0\u00bb1&Prime; admin_label=\u00a0\u00bbsection\u00a0\u00bb _builder_version=\u00a0\u00bb4.16&Prime; global_colors_info=\u00a0\u00bb{}\u00a0\u00bb][et_pb_row admin_label=\u00a0\u00bbrow\u00a0\u00bb _builder_version=\u00a0\u00bb4.16&Prime; background_size=\u00a0\u00bbinitial\u00a0\u00bb background_position=\u00a0\u00bbtop_left\u00a0\u00bb background_repeat=\u00a0\u00bbrepeat\u00a0\u00bb global_colors_info=\u00a0\u00bb{}\u00a0\u00bb][et_pb_column type=\u00a0\u00bb4_4&Prime; _builder_version=\u00a0\u00bb4.16&Prime; custom_padding=\u00a0\u00bb|||\u00a0\u00bb global_colors_info=\u00a0\u00bb{}\u00a0\u00bb custom_padding__hover=\u00a0\u00bb|||\u00a0\u00bb][et_pb_text _builder_version=\u00a0\u00bb4.24.0&Prime; hover_enabled=\u00a0\u00bb0&Prime; global_colors_info=\u00a0\u00bb{}\u00a0\u00bb sticky_enabled=\u00a0\u00bb0&Prime;]<\/p>\n<h1 class=\"entry-title main_title\">Termes et Conditions<\/h1>\n<p class=\"has-text-align-center\" style=\"text-align: left;\"><em>Tous les achats effectu\u00e9es aupr\u00e8s de l\u2019\u00e9diteur sont finales.<\/em><\/p>\n<p>Tous les droits sont r\u00e9serv\u00e9s et les livres sont conc\u00e9d\u00e9s sous licence \u00e0 l\u2019acheteur original seulement. La reproduction ou la distribution par quelques moyens que ce soit est ill\u00e9gale et constitue une violation de la loi internationale sur le droit d\u2019auteur, sous r\u00e9serve de poursuites p\u00e9nales et de condamnations, d\u2019amendes et\/ou d\u2019emprisonnement. Tout format de livres \u00e9lectroniques ne peut pas \u00eatre l\u00e9galement pr\u00eat\u00e9 ou donn\u00e9 \u00e0 d\u2019autres. Aucune partie de ce livre ne peut \u00eatre reproduite ou transmise sous quelque forme ou par quelque moyen que ce soit, \u00e9lectronique ou m\u00e9canique, y compris la photocopie, l\u2019enregistrement ou tout autre syst\u00e8me de stockage et de r\u00e9cup\u00e9ration d\u2019informations sans l\u2019autorisation \u00e9crite de l\u2019\u00e9diteur. Pour demander la permission ou pour toutes autres demandes, contactez Les \u00c9ditions Camael, Gatineau, QC, Canada, <a href=\"https:\/\/edcamael.com\">https:\/\/edcamael.com<\/a><\/p>\n<p>[\/et_pb_text][\/et_pb_column][\/et_pb_row][\/et_pb_section]<\/p>\n","protected":false},"excerpt":{"rendered":"<p>Termes et Conditions Tous les achats effectu\u00e9es aupr\u00e8s de l\u2019\u00e9diteur sont finales. Tous les droits sont r\u00e9serv\u00e9s et les livres sont conc\u00e9d\u00e9s sous licence \u00e0 l\u2019acheteur original seulement. La reproduction ou la distribution par quelques moyens que ce soit est ill\u00e9gale et constitue une violation de la loi internationale sur le droit d\u2019auteur, sous r\u00e9serve [&hellip;]<\/p>\n","protected":false},"author":1,"featured_media":0,"parent":0,"menu_order":0,"comment_status":"closed","ping_status":"closed","template":"","meta":{"_et_pb_use_builder":"on","_et_pb_old_content":"","_et_gb_content_width":"","footnotes":""},"class_list":["post-1813","page","type-page","status-publish","hentry"],"_links":{"self":[{"href":"https:\/\/edcamael.com\/index.php\/wp-json\/wp\/v2\/pages\/1813","targetHints":{"allow":["GET"]}}],"collection":[{"href":"https:\/\/edcamael.com\/index.php\/wp-json\/wp\/v2\/pages"}],"about":[{"href":"https:\/\/edcamael.com\/index.php\/wp-json\/wp\/v2\/types\/page"}],"author":[{"embeddable":true,"href":"https:\/\/edcamael.com\/index.php\/wp-json\/wp\/v2\/users\/1"}],"replies":[{"embeddable":true,"href":"https:\/\/edcamael.com\/index.php\/wp-json\/wp\/v2\/comments?post=1813"}],"version-history":[{"count":4,"href":"https:\/\/edcamael.com\/index.php\/wp-json\/wp\/v2\/pages\/1813\/revisions"}],"predecessor-version":[{"id":3198,"href":"https:\/\/edcamael.com\/index.php\/wp-json\/wp\/v2\/pages\/1813\/revisions\/3198"}],"wp:attachment":[{"href":"https:\/\/edcamael.com\/index.php\/wp-json\/wp\/v2\/media?parent=1813"}],"curies":[{"name":"wp","href":"https:\/\/api.w.org\/{rel}","templated":true}]}}