{"id":1684,"date":"2022-01-26T00:26:14","date_gmt":"2022-01-26T05:26:14","guid":{"rendered":"https:\/\/edcamael.com\/?page_id=1684"},"modified":"2024-07-21T17:18:06","modified_gmt":"2024-07-21T22:18:06","slug":"accueil","status":"publish","type":"page","link":"https:\/\/edcamael.com\/index.php\/accueil\/","title":{"rendered":"Qui sommes-nous"},"content":{"rendered":"<p>[et_pb_section fb_built=\u00a0\u00bb1&Prime; admin_label=\u00a0\u00bbPromo\u00a0\u00bb _builder_version=\u00a0\u00bb4.16&Prime; background_color=\u00a0\u00bb#8300e9&Prime; locked=\u00a0\u00bboff\u00a0\u00bb global_colors_info=\u00a0\u00bb{}\u00a0\u00bb][et_pb_row _builder_version=\u00a0\u00bb4.16&Prime; background_color=\u00a0\u00bb#8300e9&Prime; use_background_color_gradient=\u00a0\u00bbon\u00a0\u00bb background_color_gradient_stops=\u00a0\u00bb#8300e9 0%|#df52ff 100%\u00a0\u00bb background_color_gradient_start=\u00a0\u00bb#8300e9&Prime; background_color_gradient_end=\u00a0\u00bb#df52ff\u00a0\u00bb custom_padding=\u00a0\u00bb8vw|8vw|8vw|8vw\u00a0\u00bb global_colors_info=\u00a0\u00bb{}\u00a0\u00bb][et_pb_column type=\u00a0\u00bb4_4&Prime; _builder_version=\u00a0\u00bb4.16&Prime; custom_padding=\u00a0\u00bb|||\u00a0\u00bb global_colors_info=\u00a0\u00bb{}\u00a0\u00bb custom_padding__hover=\u00a0\u00bb|||\u00a0\u00bb][et_pb_image src=\u00a0\u00bbhttps:\/\/edcamael.com\/wp-content\/uploads\/2021\/12\/couleur-fond-transparent.png\u00a0\u00bb title_text=\u00a0\u00bbcouleur-fond-transparent\u00a0\u00bb align=\u00a0\u00bbcenter\u00a0\u00bb _builder_version=\u00a0\u00bb4.16&Prime; always_center_on_mobile=\u00a0\u00bboff\u00a0\u00bb global_colors_info=\u00a0\u00bb{}\u00a0\u00bb][\/et_pb_image][et_pb_text _builder_version=\u00a0\u00bb4.16&Prime; text_font=\u00a0\u00bb||||||||\u00a0\u00bb header_font=\u00a0\u00bb||||||||\u00a0\u00bb header_2_font=\u00a0\u00bbMontserrat|800||on|||||\u00a0\u00bb header_2_font_size=\u00a0\u00bb60px\u00a0\u00bb header_2_line_height=\u00a0\u00bb1.2em\u00a0\u00bb text_orientation=\u00a0\u00bbcenter\u00a0\u00bb background_layout=\u00a0\u00bbdark\u00a0\u00bb module_alignment=\u00a0\u00bbright\u00a0\u00bb header_2_font_size_tablet=\u00a0\u00bb40px\u00a0\u00bb header_2_font_size_phone=\u00a0\u00bb25px\u00a0\u00bb header_2_font_size_last_edited=\u00a0\u00bbon|desktop\u00a0\u00bb locked=\u00a0\u00bboff\u00a0\u00bb global_colors_info=\u00a0\u00bb{}\u00a0\u00bb]<\/p>\n<h6>Il y a un \u00e9crivain en chacun de nous<\/h6>\n<p>[\/et_pb_text][et_pb_text _builder_version=\u00a0\u00bb4.16&Prime; text_font=\u00a0\u00bb||||||||\u00a0\u00bb header_font=\u00a0\u00bb||||||||\u00a0\u00bb header_2_font=\u00a0\u00bbMontserrat|800||on|||||\u00a0\u00bb header_2_font_size=\u00a0\u00bb60px\u00a0\u00bb header_2_line_height=\u00a0\u00bb1.2em\u00a0\u00bb text_orientation=\u00a0\u00bbcenter\u00a0\u00bb background_layout=\u00a0\u00bbdark\u00a0\u00bb module_alignment=\u00a0\u00bbright\u00a0\u00bb header_2_font_size_tablet=\u00a0\u00bb40px\u00a0\u00bb header_2_font_size_phone=\u00a0\u00bb25px\u00a0\u00bb header_2_font_size_last_edited=\u00a0\u00bbon|desktop\u00a0\u00bb locked=\u00a0\u00bboff\u00a0\u00bb global_colors_info=\u00a0\u00bb{}\u00a0\u00bb]<\/p>\n<h2>Qui Sommes nous?<\/h2>\n<p>[\/et_pb_text][et_pb_text _builder_version=\u00a0\u00bb4.20.2&Prime; text_font=\u00a0\u00bb||||||||\u00a0\u00bb text_font_size=\u00a0\u00bb18px\u00a0\u00bb text_line_height=\u00a0\u00bb1.8em\u00a0\u00bb text_orientation=\u00a0\u00bbjustify\u00a0\u00bb background_layout=\u00a0\u00bbdark\u00a0\u00bb max_width=\u00a0\u00bb600px\u00a0\u00bb module_alignment=\u00a0\u00bbcenter\u00a0\u00bb text_font_size_tablet=\u00a0\u00bb16px\u00a0\u00bb text_font_size_phone=\u00a0\u00bb14px\u00a0\u00bb text_font_size_last_edited=\u00a0\u00bbon|phone\u00a0\u00bb text_line_height_tablet=\u00a0\u00bb1.8em\u00a0\u00bb text_line_height_phone=\u00a0\u00bb1.7em\u00a0\u00bb text_line_height_last_edited=\u00a0\u00bboff|phone\u00a0\u00bb text_text_align=\u00a0\u00bbjustify\u00a0\u00bb locked=\u00a0\u00bboff\u00a0\u00bb global_colors_info=\u00a0\u00bb{}\u00a0\u00bb]<\/p>\n<p>Je suis heureuse de vous pr\u00e9senter notre jeune maison d&rsquo;\u00e9dition \u00e0 compte d&rsquo;auteur qui offre le meilleur service aux auteurs d\u00e9butants ou confirm\u00e9s.<\/p>\n<p>Fond\u00e9e il y a seulement quelques ann\u00e9es, Par Charles Antoine King Dub\u00e9, notre maison d&rsquo;\u00e9dition a su rapidement se faire un nom dans le monde de l&rsquo;\u00e9dition en offrant un service de qualit\u00e9 et en accompagnant nos auteurs \u00e0 chaque \u00e9tape de leur projet.<\/p>\n<p>L&rsquo;un des avantages cl\u00e9s de notre maison d&rsquo;\u00e9dition est l&rsquo;accompagnement personnalis\u00e9 offert \u00e0 chaque auteur gr\u00e2ce \u00e0 notre collaboration avec un coach litt\u00e9raire. Notre coach litt\u00e9raire est l\u00e0 pour aider nos auteurs \u00e0 d\u00e9velopper leur style, \u00e0 am\u00e9liorer leur \u00e9criture, et \u00e0 rendre leur livre attractif pour les lecteurs. Il travaille en \u00e9troite collaboration avec l&rsquo;auteur pour que le livre soit parfaitement adapt\u00e9 \u00e0 son public cible.<\/p>\n<p>De plus, notre maison d&rsquo;\u00e9dition offre une large gamme de services pour r\u00e9pondre \u00e0 tous les besoins de nos auteurs : des services de relecture et de correction, une assistance pour la mise en page, la cr\u00e9ation de couverture, la promotion du livre, et bien plus encore.<\/p>\n<p>Mais ce qui fait vraiment la diff\u00e9rence avec notre maison d&rsquo;\u00e9dition, c&rsquo;est notre engagement envers nos auteurs. Nous croyons en eux et en leur potentiel, et nous sommes pr\u00eats \u00e0 travailler avec eux pour faire de leur r\u00eave d&rsquo;\u00e9crire un livre une r\u00e9alit\u00e9.<\/p>\n<p>Si vous \u00eates un auteur en herbe, un auteur confirm\u00e9 ou simplement un amoureux de la lecture, je vous invite \u00e0 d\u00e9couvrir notre maison d&rsquo;\u00e9dition et \u00e0 en apprendre davantage sur les services que nous vous offrons.<\/p>\n<p>Vous ne serez pas d\u00e9\u00e7u !<\/p>\n<p>\u00c0 bient\u00f4t !<\/p>\n<p>Rosaria-Maria Maltere Flagothier<\/p>\n<p>Directrice Adjointe<\/p>\n<p>[\/et_pb_text][et_pb_video src_webm=\u00a0\u00bbhttps:\/\/edcamael.com\/wp-content\/uploads\/2023\/03\/video3067918110.mp4&Prime; _builder_version=\u00a0\u00bb4.20.2&Prime; _module_preset=\u00a0\u00bbdefault\u00a0\u00bb global_colors_info=\u00a0\u00bb{}\u00a0\u00bb][\/et_pb_video][et_pb_button button_url=\u00a0\u00bb@ET-DC@eyJkeW5hbWljIjp0cnVlLCJjb250ZW50IjoicG9zdF9saW5rX3VybF9wYWdlIiwic2V0dGluZ3MiOnsicG9zdF9pZCI6IjE3NDcifX0=@\u00a0\u00bb button_text=\u00a0\u00bbD\u00e9couvrez les oeuvres!\u00a0\u00bb button_alignment=\u00a0\u00bbcenter\u00a0\u00bb _builder_version=\u00a0\u00bb4.16&Prime; _dynamic_attributes=\u00a0\u00bbbutton_url\u00a0\u00bb custom_button=\u00a0\u00bbon\u00a0\u00bb button_text_size=\u00a0\u00bb16px\u00a0\u00bb button_text_color=\u00a0\u00bb#ffffff\u00a0\u00bb button_bg_color=\u00a0\u00bb#8300e9&Prime; button_border_width=\u00a0\u00bb0px\u00a0\u00bb button_border_radius=\u00a0\u00bb0px\u00a0\u00bb button_font=\u00a0\u00bbMontserrat|700|||||||\u00a0\u00bb button_use_icon=\u00a0\u00bboff\u00a0\u00bb custom_margin=\u00a0\u00bb||16px\u00a0\u00bb custom_padding=\u00a0\u00bb18px|40px|18px|40px|true|true\u00a0\u00bb locked=\u00a0\u00bboff\u00a0\u00bb global_colors_info=\u00a0\u00bb{}\u00a0\u00bb button_bg_color__hover_enabled=\u00a0\u00bbon\u00a0\u00bb button_bg_color__hover=\u00a0\u00bbrgba(255,255,255,0)\u00a0\u00bb button_text_color__hover=\u00a0\u00bb#ffffff\u00a0\u00bb button_border_color__hover_enabled=\u00a0\u00bbon\u00a0\u00bb button_border_color__hover=\u00a0\u00bbrgba(0,0,0,0)\u00a0\u00bb][\/et_pb_button][et_pb_button button_url=\u00a0\u00bb@ET-DC@eyJkeW5hbWljIjp0cnVlLCJjb250ZW50IjoicG9zdF9saW5rX3VybF9wYWdlIiwic2V0dGluZ3MiOnsicG9zdF9pZCI6IjE3MzgifX0=@\u00a0\u00bb button_text=\u00a0\u00bb\u00c9v\u00e8nements \u00e0 venir\u00a0\u00bb button_alignment=\u00a0\u00bbcenter\u00a0\u00bb _builder_version=\u00a0\u00bb4.17.0&Prime; _dynamic_attributes=\u00a0\u00bbbutton_url\u00a0\u00bb custom_button=\u00a0\u00bbon\u00a0\u00bb button_text_size=\u00a0\u00bb16px\u00a0\u00bb button_text_color=\u00a0\u00bb#ffffff\u00a0\u00bb button_bg_color=\u00a0\u00bb#8300e9&Prime; button_border_width=\u00a0\u00bb0px\u00a0\u00bb button_border_radius=\u00a0\u00bb0px\u00a0\u00bb button_font=\u00a0\u00bbMontserrat|700|||||||\u00a0\u00bb button_use_icon=\u00a0\u00bboff\u00a0\u00bb custom_margin=\u00a0\u00bb||16px\u00a0\u00bb custom_padding=\u00a0\u00bb18px|40px|18px|40px|true|true\u00a0\u00bb locked=\u00a0\u00bboff\u00a0\u00bb global_colors_info=\u00a0\u00bb{}\u00a0\u00bb button_bg_color__hover_enabled=\u00a0\u00bbon\u00a0\u00bb button_bg_color__hover=\u00a0\u00bbrgba(255,255,255,0)\u00a0\u00bb button_text_color__hover=\u00a0\u00bb#ffffff\u00a0\u00bb button_border_color__hover_enabled=\u00a0\u00bbon\u00a0\u00bb button_border_color__hover=\u00a0\u00bbrgba(0,0,0,0)\u00a0\u00bb][\/et_pb_button][\/et_pb_column][\/et_pb_row][et_pb_row _builder_version=\u00a0\u00bb4.16&Prime; module_alignment=\u00a0\u00bbcenter\u00a0\u00bb global_colors_info=\u00a0\u00bb{}\u00a0\u00bb][et_pb_column type=\u00a0\u00bb4_4&Prime; _builder_version=\u00a0\u00bb4.16&Prime; global_colors_info=\u00a0\u00bb{}\u00a0\u00bb][et_pb_social_media_follow follow_button=\u00a0\u00bbon\u00a0\u00bb _builder_version=\u00a0\u00bb4.27.0&Prime; hover_enabled=\u00a0\u00bb0&Prime; global_colors_info=\u00a0\u00bb{}\u00a0\u00bb sticky_enabled=\u00a0\u00bb0&Prime;][et_pb_social_media_follow_network social_network=\u00a0\u00bbfacebook\u00a0\u00bb url=\u00a0\u00bbhttps:\/\/www.facebook.com\/edcamael\/\u00a0\u00bb _builder_version=\u00a0\u00bb4.16&Prime; background_color=\u00a0\u00bb#3b5998&Prime; global_colors_info=\u00a0\u00bb{}\u00a0\u00bb follow_button=\u00a0\u00bbon\u00a0\u00bb url_new_window=\u00a0\u00bbon\u00a0\u00bb]facebook[\/et_pb_social_media_follow_network][et_pb_social_media_follow_network social_network=\u00a0\u00bbtwitter\u00a0\u00bb url=\u00a0\u00bbhttps:\/\/twitter.com\/edcamael\u00a0\u00bb _builder_version=\u00a0\u00bb4.22.2&Prime; background_color=\u00a0\u00bb#000000&Prime; global_colors_info=\u00a0\u00bb{}\u00a0\u00bb follow_button=\u00a0\u00bbon\u00a0\u00bb url_new_window=\u00a0\u00bbon\u00a0\u00bb]twitter[\/et_pb_social_media_follow_network][et_pb_social_media_follow_network social_network=\u00a0\u00bbyoutube\u00a0\u00bb url=\u00a0\u00bbhttps:\/\/www.youtube.com\/@edcamael\u00a0\u00bb _builder_version=\u00a0\u00bb4.27.0&Prime; background_color=\u00a0\u00bb#a82400&Prime; hover_enabled=\u00a0\u00bb0&Prime; global_colors_info=\u00a0\u00bb{}\u00a0\u00bb follow_button=\u00a0\u00bbon\u00a0\u00bb url_new_window=\u00a0\u00bbon\u00a0\u00bb sticky_enabled=\u00a0\u00bb0&Prime;]youtube[\/et_pb_social_media_follow_network][et_pb_social_media_follow_network social_network=\u00a0\u00bbinstagram\u00a0\u00bb url=\u00a0\u00bbhttps:\/\/www.instagram.com\/edcamael\/\u00a0\u00bb _builder_version=\u00a0\u00bb4.16&Prime; background_color=\u00a0\u00bb#ea2c59&Prime; global_colors_info=\u00a0\u00bb{}\u00a0\u00bb follow_button=\u00a0\u00bbon\u00a0\u00bb url_new_window=\u00a0\u00bbon\u00a0\u00bb]instagram[\/et_pb_social_media_follow_network][\/et_pb_social_media_follow][\/et_pb_column][\/et_pb_row][\/et_pb_section]<\/p>\n","protected":false},"excerpt":{"rendered":"<p>Il y a un \u00e9crivain en chacun de nous Qui Sommes nous? Je suis heureuse de vous pr\u00e9senter notre jeune maison d&rsquo;\u00e9dition \u00e0 compte d&rsquo;auteur qui offre le meilleur service aux auteurs d\u00e9butants ou confirm\u00e9s. Fond\u00e9e il y a seulement quelques ann\u00e9es, Par Charles Antoine King Dub\u00e9, notre maison d&rsquo;\u00e9dition a su rapidement se faire [&hellip;]<\/p>\n","protected":false},"author":1,"featured_media":0,"parent":0,"menu_order":0,"comment_status":"closed","ping_status":"closed","template":"","meta":{"_et_pb_use_builder":"on","_et_pb_old_content":"","_et_gb_content_width":"","footnotes":""},"class_list":["post-1684","page","type-page","status-publish","hentry"],"_links":{"self":[{"href":"https:\/\/edcamael.com\/index.php\/wp-json\/wp\/v2\/pages\/1684","targetHints":{"allow":["GET"]}}],"collection":[{"href":"https:\/\/edcamael.com\/index.php\/wp-json\/wp\/v2\/pages"}],"about":[{"href":"https:\/\/edcamael.com\/index.php\/wp-json\/wp\/v2\/types\/page"}],"author":[{"embeddable":true,"href":"https:\/\/edcamael.com\/index.php\/wp-json\/wp\/v2\/users\/1"}],"replies":[{"embeddable":true,"href":"https:\/\/edcamael.com\/index.php\/wp-json\/wp\/v2\/comments?post=1684"}],"version-history":[{"count":12,"href":"https:\/\/edcamael.com\/index.php\/wp-json\/wp\/v2\/pages\/1684\/revisions"}],"predecessor-version":[{"id":3611,"href":"https:\/\/edcamael.com\/index.php\/wp-json\/wp\/v2\/pages\/1684\/revisions\/3611"}],"wp:attachment":[{"href":"https:\/\/edcamael.com\/index.php\/wp-json\/wp\/v2\/media?parent=1684"}],"curies":[{"name":"wp","href":"https:\/\/api.w.org\/{rel}","templated":true}]}}